{"id":2738,"date":"2024-01-17T08:44:26","date_gmt":"2024-01-17T07:44:26","guid":{"rendered":"https:\/\/europaletlogistics.com\/?page_id=2738"},"modified":"2024-01-22T19:59:48","modified_gmt":"2024-01-22T18:59:48","slug":"terminos-y-condiciones","status":"publish","type":"page","link":"https:\/\/europaletlogistics.com\/en\/terminos-y-condiciones\/","title":{"rendered":"TERMINOS\u00a0Y\u00a0CONDICIONES"},"content":{"rendered":"<div data-elementor-type=\"wp-page\" data-elementor-id=\"2738\" class=\"elementor elementor-2738\" data-elementor-post-type=\"page\">\n\t\t\t\t<div class=\"elementor-element elementor-element-497ff2d e-con-full e-flex e-con e-parent\" data-id=\"497ff2d\" data-element_type=\"container\" data-settings=\"{&quot;background_background&quot;:&quot;video&quot;,&quot;background_video_link&quot;:&quot;https:\\\/\\\/europaletlogistics.com\\\/wp-content\\\/uploads\\\/2024\\\/01\\\/5080368_Fractal_Plexus_Digital_1920x1080.mp4&quot;,&quot;background_play_on_mobile&quot;:&quot;yes&quot;,&quot;shape_divider_bottom&quot;:&quot;opacity-tilt&quot;}\">\n\t\t<div class=\"elementor-background-video-container\">\n\t\t\t\t\t\t\t<video class=\"elementor-background-video-hosted\" autoplay muted playsinline loop><\/video>\n\t\t\t\t\t<\/div>\t\t<div class=\"elementor-shape elementor-shape-bottom\" data-negative=\"false\">\n\t\t\t<svg xmlns=\"http:\/\/www.w3.org\/2000\/svg\" viewbox=\"0 0 2600 131.1\" preserveaspectratio=\"none\">\n\t<path class=\"elementor-shape-fill\" d=\"M0 0L2600 0 2600 69.1 0 0z\"\/>\n\t<path class=\"elementor-shape-fill\" style=\"opacity:0.5\" d=\"M0 0L2600 0 2600 69.1 0 69.1z\"\/>\n\t<path class=\"elementor-shape-fill\" style=\"opacity:0.25\" d=\"M2600 0L0 0 0 130.1 2600 69.1z\"\/>\n<\/svg>\t\t<\/div>\n\t\t\t\t<div class=\"elementor-element elementor-element-4055e65 elementor-headline--style-highlight elementor-widget elementor-widget-animated-headline\" data-id=\"4055e65\" data-element_type=\"widget\" data-settings=\"{&quot;marker&quot;:&quot;curly&quot;,&quot;highlighted_text&quot;:&quot;TERMINOS Y CONDICIONES&quot;,&quot;headline_style&quot;:&quot;highlight&quot;,&quot;loop&quot;:&quot;yes&quot;,&quot;highlight_animation_duration&quot;:1200,&quot;highlight_iteration_delay&quot;:8000}\" data-widget_type=\"animated-headline.default\">\n\t\t\t\t<div class=\"elementor-widget-container\">\n\t\t\t\t\t\t\t<h3 class=\"elementor-headline\">\n\t\t\t\t<span class=\"elementor-headline-dynamic-wrapper elementor-headline-text-wrapper\">\n\t\t\t\t\t<span class=\"elementor-headline-dynamic-text elementor-headline-text-active\">TERMS AND CONDITIONS<\/span>\n\t\t\t\t<\/span>\n\t\t\t\t<\/h3>\n\t\t\t\t\t\t<\/div>\n\t\t\t\t<\/div>\n\t\t\t\t<\/div>\n\t\t<div class=\"elementor-element elementor-element-f7e3647 e-flex e-con-boxed e-con e-parent\" data-id=\"f7e3647\" data-element_type=\"container\">\n\t\t\t\t\t<div class=\"e-con-inner\">\n\t\t\t\t<div class=\"elementor-element elementor-element-7b5b066 elementor-widget elementor-widget-text-editor\" data-id=\"7b5b066\" data-element_type=\"widget\" data-widget_type=\"text-editor.default\">\n\t\t\t\t<div class=\"elementor-widget-container\">\n\t\t\t\t\t\t\t\t\t<ol><li>The website \u201ceuropaletlogistics.com\u201d (the \u201cSite\u201d) trade name<strong>\u201d\u00a0 \u201cEUROPALET LOGISTICS\u201d <\/strong>for internet users who visit the website in Mexican territory! In this document, you as a consumer will be referred to as \u201cthe Consumer\u201d and the supplier as\u00a0<strong>EUROPALET LOGISTICS<\/strong>\u00a0interchangeably, in its capacity as supplier of goods it will be called \u201cthe supplier\u201d, jointly it will be called \u201cthe Parties\u201d!<\/li><\/ol><p>By browsing the Site and carrying out purchase transactions therein, you declare that you are of legal age under the terms of article 24 of the Federal Civil Code and 646 of the Civil Code for the Federal District, as of the date of Mexico City, and enjoy full capacity to dispose of his person and his property. Likewise, you declare that you have read and fully accepted these General Conditions of Sale and understood the legal scope of the operation you are carrying out.<\/p><ol><li><strong>CONTRACT VALIDITY<\/strong><\/li><\/ol><p>In terms of article 1803 of the Federal Civil Code, it will be understood that the Consumer grants his express consent for the execution of the purchase and sale contract when he expresses it by electronic, optical or any other technology, being linked to the execution of the operation. moment of accepting the offer published on the Site. Likewise, under the terms of articles 1834 BIS of the Federal Civil Code, the electronic contract will be deemed signed upon full transmission of acceptance by electronic means and will have the same effects provided for by the applicable legal system.<\/p><p>However, the Consumer's registration is not mandatory to make any purchase. By entering their data in the collection and shipping form (full name and postal address), they will be leaving proof of their identity and consent.<\/p><ol start=\"2\"><li><strong>RESERVATION OF RIGHT<\/strong><\/li><\/ol><p>The Products offered for sale are those listed on the Site at the time the Consumer consults it, within the limit of available stock, and subject to the conditions described in this document, under the following restrictions:<\/p><p>If a product is not available at the time of purchase, the Consumer will be informed of this situation as soon as possible. Said notification may be made<\/p><ol start=\"3\"><li><strong>A<\/strong>) When trying to place the order, giving the Consumer the option to provide their email address so that they are informed when and if the product is available online.<\/li><li><strong>B)\u00a0<\/strong>Once the order has been placed, if it subsequently turns out that the Product will not be available, in which case\u00a0<strong>EUROPALET LOGISTICS <\/strong>tomar\u00e1 las medidas necesarias para deducir el precio de los Productos no disponibles de la cantidad total cobrada a la cuenta bancaria del Consumidor.<\/li><li><strong>C)\u00a0<\/strong>At the time of receipt of the shipment of the Products, in which case the Consumer will have the option of not receiving the order and canceling it, requesting a refund of the amounts paid or, receiving it and reporting the omission or lack of the Product to the email of customer service contained in the \u201cSite\u201d<strong>europaletlogistics.com\u201d,<\/strong>para concretar el env\u00edo del Producto, la sustituci\u00f3n de producto del que no se hubiera encontrado disponible en almac\u00e9n al momento del envi\u00f3 o el rembolso del precio pagado por el producto no disponible.<\/li><\/ol><p>No other product will be sent to replace the unavailable product, without prior authorization from the consumer.<\/p><p>The Products offered by \u201c<strong>EUROPALET LOGISTICS\u201d on the Site must be understood for the exclusive and personal use of the Consumer!<\/strong><\/p><ol start=\"14\"><li><strong>SINGLE AGREEMENT<\/strong><\/li><\/ol><p>The conditions contained in this document constitute the entire contractual relations between the Parties. In the event of any contradiction between this and other documents prepared previously, the text herein shall prevail.<\/p><ol start=\"15\"><li><strong>Jurisdiction and competence.<\/strong><\/li><\/ol><p>These conditions of sale and the contractual relationship between the Consumer and \u201c<strong>\u00a0EUROPALET LOGISTICS\u201d\u00a0<\/strong>will be governed by the laws in force and applicable as the case may be for Mexico City, expressly submitting to the jurisdiction of the Courts and Tribunals of Mexico City, expressly waiving any other jurisdiction that, for any reason, including their present addresses or future ones, may correspond to them.<\/p>\t\t\t\t\t\t\t\t<\/div>\n\t\t\t\t<\/div>\n\t\t\t\t\t<\/div>\n\t\t\t\t<\/div>\n\t\t\t\t<\/div>","protected":false},"excerpt":{"rendered":"<p>TERMINOS Y CONDICIONES \u00a1El sitio web \u201ceuropaletlogistics.com\u201d (el \u201cSitio\u201d) nombre comercial \u201cEUROPALET LOGISTICS\u201d\u00a0 \u201cEUROPALET LOGISTICS\u201d para los usuarios de internet que visitan el sitio web en territorio mexicano! \u00a1En el presente documento, A usted en su car\u00e1cter de consumidor se le denominar\u00e1 \u201cel Consumidor\u201d y al proveedor como\u00a0EUROPALET LOGISTICS\u00a0de forma indistinta, en su car\u00e1cter de [&hellip;]<\/p>","protected":false},"author":1,"featured_media":0,"parent":0,"menu_order":0,"comment_status":"closed","ping_status":"closed","template":"elementor_header_footer","meta":{"footnotes":""},"class_list":["post-2738","page","type-page","status-publish","hentry"],"_links":{"self":[{"href":"https:\/\/europaletlogistics.com\/en\/wp-json\/wp\/v2\/pages\/2738","targetHints":{"allow":["GET"]}}],"collection":[{"href":"https:\/\/europaletlogistics.com\/en\/wp-json\/wp\/v2\/pages"}],"about":[{"href":"https:\/\/europaletlogistics.com\/en\/wp-json\/wp\/v2\/types\/page"}],"author":[{"embeddable":true,"href":"https:\/\/europaletlogistics.com\/en\/wp-json\/wp\/v2\/users\/1"}],"replies":[{"embeddable":true,"href":"https:\/\/europaletlogistics.com\/en\/wp-json\/wp\/v2\/comments?post=2738"}],"version-history":[{"count":21,"href":"https:\/\/europaletlogistics.com\/en\/wp-json\/wp\/v2\/pages\/2738\/revisions"}],"predecessor-version":[{"id":2852,"href":"https:\/\/europaletlogistics.com\/en\/wp-json\/wp\/v2\/pages\/2738\/revisions\/2852"}],"wp:attachment":[{"href":"https:\/\/europaletlogistics.com\/en\/wp-json\/wp\/v2\/media?parent=2738"}],"curies":[{"name":"wp","href":"https:\/\/api.w.org\/{rel}","templated":true}]}}